{"id":195,"date":"2021-01-29T12:16:57","date_gmt":"2021-01-29T11:16:57","guid":{"rendered":"http:\/\/zvonimirjelinic.from.hr\/?page_id=195"},"modified":"2021-02-10T22:20:13","modified_gmt":"2021-02-10T21:20:13","slug":"osijek","status":"publish","type":"page","link":"http:\/\/zvonimirjelinic.from.hr\/?page_id=195","title":{"rendered":"OSIJEK"},"content":{"rendered":"<p>Grad Osijek je u europskim razmjerima mali grad, ali za hrvatske prilike zna\u010dajno urbano naselje. Rije\u010d je o najve\u0107em gradu Slavonije i Baranje, sjedi\u0161tu srednje velikog sveu\u010dili\u0161ta, Klini\u010dkog bolni\u010dkog centra i ve\u0107eg broja javnih ustanova i institucija. Rije\u010d je o gradu koji ima povijest i koji kroz svoje pojedine gra\u0111evinske strukture otkriva kako su se ovdje neko\u0107 gajile vizije velikog grada, stjeci\u0161ta puteva, poslova i ljudi.&nbsp;<\/p>\n<p>Danas je Osijek grad koji nema zacrtanu i u novim svjetskim i europskim okolnostima provedivu razvojnu putanju. Ne postoji vizija \u0161to bi ovaj trebao biti u budu\u0107nosti. Ne razumije se da je deviza &#8220;Bit \u0107e kako bude!&#8221; (najgori mogu\u0107i) put u gore sutra zato \u0161to se danas bez dobro promi\u0161ljenih, na bazi komparativnih iskustava argumentiranih stavova i potvr\u0111enih rje\u0161enja ne mo\u017ee ostvariti napredak! Osijek je pro\u017eet stihijom i promocijom partkularnih interesa umjesto jasno zacrtanog razvojnog puta koji svoju podlogu ima u jednoj kreativnoj viziji koja bi sve prednosti grada uspjela sklopiti u jedan smislen i provediv plan.<\/p>\n<p>Osijek nije najljep\u0161i grad na svijetu. Postoji u svijetu puno lijepih, ure\u0111enih i za \u017eivot primjerenih gradova koji su polo\u017eeni uz rijeku. Osijek je grad s nizom industrijskih ru\u0161evina, grad u kojemu se prote\u017eira ru\u017ena novogradnja, grad bez moderne prometne politike, grad s nevjerojatnim brojem praznih poslovnih lokala, grad sa srednje velikim, ali fundamentalno neure\u0111enim i nefunkcionalnim institucijama, grad s aerodromom, ali bez aerodroma, grad s vlakom, ali bez vlaka, grad s ogromnim odlagali\u0161tem otpada koje se nalazi u nesporednoj blizini velikih gradskih naselja i jo\u0161 nizom manjih i fizi\u010dki zatvorenih odlagali\u0161ta u propalim proizvodnim pogonima razasutima po \u010ditavom gradu. Osijek je grad s nereformiranim i neintegriranim sveu\u010dili\u0161tem koje ima jako puno zaposlenih i sve manje studenata. Osijek je naprosto grad u kojemu je privatni interes potpuno nadvladao javni pri \u010demu se ispustilo iz vida da samo fini i transparentni ples izme\u0111u javnog i privatnog interesa mo\u017ee dovesti do pozitivnih pomaka i konvergencije s gradovima sli\u010dne veli\u010dine iz razvijenih dijelova svijeta.&nbsp; &nbsp; &nbsp; &nbsp; &nbsp; &nbsp;<\/p>\n<p>Ipak, bitka za grad nije izgubljena. Ta bitka nije izgubljena zato \u0161to se osje\u010dko demografsko uru\u0161avanje za sada premo\u0161tava migracijom gra\u0111ana iz drugih, zapu\u0161tenih i propalih sredina Slavonije i Baranje, nerijetko i drugih dijelova Hrvatske koje je od vremena Domovinskog rata &#8220;ukrasila&#8221; ista ili sli\u010dna sudbina. Bitka nije izgubljena i zato \u0161to u gradu veliki broj ljudi posredno i neposredno radi za dr\u017eavu koja, neovisno o tome koliko \u0107e se lo\u0161e stvari odvijati u budu\u0107nosti u finanijskom smislu, ne\u0107e mo\u0107i preko no\u0107i reformirati postoje\u0107e strukture i redefinirati usvojene agende. Bitka nije izgubljena zato \u0161to \u0107e se neki na\u0161i biv\u0161i sugra\u0111ani vratiti (i vra\u0107aju se) u Osijeku zato \u0161to je korona kriza i tehnolo\u0161ka revolucija preobrazila radne procese pa je rad od ku\u0107e za mnoge postao svakodnevnica. Me\u0111utim, nu\u017eno je \u010dim prije shvatiti da to nije dovoljno i da zadr\u017eavanje postoje\u0107eg stanja umjesto aktiviranja intelektualnih i inih kapaciteta i potencijala ne\u0107e rezultirati razvojem, ve\u0107 upravo suprotno &#8211; nastavkom laganog propadanja i devastacije onoga \u0161to je kvalitetno i \u0161to je preostalo.<\/p>\n<p>Ja sam obi\u010dan gra\u0111anin koji \u017eeli \u017eivjeti u Osijeku. \u017delim \u017eivjeti u Osijeku zato \u0161to u Osijeku imam obitelj, prijatelje, poznanike i imovinu, zato \u0161to je u Osijeku sve blizu i nadohvat ruke i zato \u0161to znam da uz odgovaraju\u0107e promjene i sposobne, odgovorne i nepotkupljive ljude ovaj grad mo\u017ee biti bolje, zanimlivije, propulzivnije i kvalitetnije mjesto za \u017eivot.<\/p>\n<p>Svima koji misle da je rije\u010d samo o praznim pri\u010damo mogu re\u0107i sljede\u0107e &#8211; dragi prijatelji i sugra\u0111ani, Osijek nije niti sjena grada kakav bio prije i to je ne\u0161to \u0161to \u0107e potvrditi mnogi! Osijek je sada deindustrijaliziran, zapu\u0161ten i ruiniran, star, spor i bezvoljan, ali Osijek mo\u017ee bolje i Osijek mo\u017ee naprijed \u010dak i u ovom svijetu u kojemu se stvari mijenjaju svakodnevno, svjetlosnom brzinom. Osijek mora do\u0107i na kartu Europe kao visoko komunalno ure\u0111en grad u kojemu vlada zakon reda, u kojemu se&nbsp; razvojne i privatne inicijative vrednuju iz perspektive javnog interesa i interesa kulturnog razvoja grada.<\/p>\n<p>Iz navedenih razloga namjera mi je u ve\u0107ini postova na ovoj osobnoj web stranici ukazati na stanje komunalne ure\u0111enosti i razli\u010dite nedoli\u010dne prakse koje svakodnevno uo\u010davam u svojoj gradskoj \u010detvrti i drugdje u gradu. Komunalna i organizacijska pitanja nisu ideolo\u0161ka pitanja, ona nemaju nikakvu strana\u010dku i ideolo\u0161ku pozadinu. Komunalna i organizacijska pitanja su najva\u017enija pitanja kada je rije\u010d kvaliteti \u017eivota u gradu. Ukoliko bilo \u0161to od onoga na \u0161to ukazujem bude do\u017eivjelo promjenu, ja \u0107u svoju malu misiju ispuniti, a vjerujem time i mnogima pomo\u0107i da uvide kako su pozitivne promjene mogu\u0107e i ostvarive te kako one mogu biti na korist svih gra\u0111ana, time i na\u0161eg devastiranog, ali potencijalno modernog, dinami\u010dnog, velikog, kulturnog i ure\u0111enog Osijeka.&nbsp;&nbsp; &nbsp;&nbsp;<\/p>\n","protected":false},"excerpt":{"rendered":"<p>Grad Osijek je u europskim razmjerima mali grad, ali za hrvatske prilike zna\u010dajno urbano naselje. Rije\u010d je o najve\u0107em gradu Slavonije i Baranje, sjedi\u0161tu srednje velikog sveu\u010dili\u0161ta, Klini\u010dkog bolni\u010dkog centra i ve\u0107eg broja javnih ustanova i institucija. Rije\u010d je o&#8230;<\/p>\n","protected":false},"author":1044,"featured_media":0,"parent":0,"menu_order":0,"comment_status":"closed","ping_status":"closed","template":"","meta":{"ngg_post_thumbnail":0},"yoast_head":"<!-- This site is optimized with the Yoast SEO plugin v17.5 - https:\/\/yoast.com\/wordpress\/plugins\/seo\/ -->\n<title>OSIJEK - Izv. prof. dr. Zvonimir Jelini\u0107 - Home Page<\/title>\n<meta name=\"robots\" content=\"index, follow, max-snippet:-1, max-image-preview:large, max-video-preview:-1\" \/>\n<link rel=\"canonical\" href=\"http:\/\/zvonimirjelinic.from.hr\/?page_id=195\" \/>\n<meta property=\"og:locale\" content=\"hr_HR\" \/>\n<meta property=\"og:type\" content=\"article\" \/>\n<meta property=\"og:title\" content=\"OSIJEK - Izv. prof. dr. Zvonimir Jelini\u0107 - Home Page\" \/>\n<meta property=\"og:description\" content=\"Grad Osijek je u europskim razmjerima mali grad, ali za hrvatske prilike zna\u010dajno urbano naselje. Rije\u010d je o najve\u0107em gradu Slavonije i Baranje, sjedi\u0161tu srednje velikog sveu\u010dili\u0161ta, Klini\u010dkog bolni\u010dkog centra i ve\u0107eg broja javnih ustanova i institucija. Rije\u010d je o...\" \/>\n<meta property=\"og:url\" content=\"http:\/\/zvonimirjelinic.from.hr\/?page_id=195\" \/>\n<meta property=\"og:site_name\" content=\"Izv. prof. dr. Zvonimir Jelini\u0107 - Home Page\" \/>\n<meta property=\"article:modified_time\" content=\"2021-02-10T21:20:13+00:00\" \/>\n<meta name=\"twitter:card\" content=\"summary\" \/>\n<meta name=\"twitter:label1\" content=\"Procijenjeno vrijeme \u010ditanja\" \/>\n\t<meta name=\"twitter:data1\" content=\"4 minute\" \/>\n<script type=\"application\/ld+json\" class=\"yoast-schema-graph\">{\"@context\":\"https:\/\/schema.org\",\"@graph\":[{\"@type\":[\"Person\",\"Organization\"],\"@id\":\"http:\/\/zvonimirjelinic.from.hr\/#\/schema\/person\/902802c132d5af8d138cf9882ffcea52\",\"name\":\"zvonimirjelinic\",\"image\":{\"@type\":\"ImageObject\",\"@id\":\"http:\/\/zvonimirjelinic.from.hr\/#personlogo\",\"inLanguage\":\"hr\",\"url\":\"http:\/\/1.gravatar.com\/avatar\/75deb054044120dc99dc4bb5ddfca5f7?s=96&d=blank&r=g\",\"contentUrl\":\"http:\/\/1.gravatar.com\/avatar\/75deb054044120dc99dc4bb5ddfca5f7?s=96&d=blank&r=g\",\"caption\":\"zvonimirjelinic\"},\"logo\":{\"@id\":\"http:\/\/zvonimirjelinic.from.hr\/#personlogo\"}},{\"@type\":\"WebSite\",\"@id\":\"http:\/\/zvonimirjelinic.from.hr\/#website\",\"url\":\"http:\/\/zvonimirjelinic.from.hr\/\",\"name\":\"Izv. prof. dr. Zvonimir Jelini\\u0107 - Home Page\",\"description\":\"\",\"publisher\":{\"@id\":\"http:\/\/zvonimirjelinic.from.hr\/#\/schema\/person\/902802c132d5af8d138cf9882ffcea52\"},\"potentialAction\":[{\"@type\":\"SearchAction\",\"target\":{\"@type\":\"EntryPoint\",\"urlTemplate\":\"http:\/\/zvonimirjelinic.from.hr\/?s={search_term_string}\"},\"query-input\":\"required name=search_term_string\"}],\"inLanguage\":\"hr\"},{\"@type\":\"WebPage\",\"@id\":\"http:\/\/zvonimirjelinic.from.hr\/?page_id=195#webpage\",\"url\":\"http:\/\/zvonimirjelinic.from.hr\/?page_id=195\",\"name\":\"OSIJEK - Izv. prof. dr. Zvonimir Jelini\\u0107 - Home Page\",\"isPartOf\":{\"@id\":\"http:\/\/zvonimirjelinic.from.hr\/#website\"},\"datePublished\":\"2021-01-29T11:16:57+00:00\",\"dateModified\":\"2021-02-10T21:20:13+00:00\",\"breadcrumb\":{\"@id\":\"http:\/\/zvonimirjelinic.from.hr\/?page_id=195#breadcrumb\"},\"inLanguage\":\"hr\",\"potentialAction\":[{\"@type\":\"ReadAction\",\"target\":[\"http:\/\/zvonimirjelinic.from.hr\/?page_id=195\"]}]},{\"@type\":\"BreadcrumbList\",\"@id\":\"http:\/\/zvonimirjelinic.from.hr\/?page_id=195#breadcrumb\",\"itemListElement\":[{\"@type\":\"ListItem\",\"position\":1,\"name\":\"Home\",\"item\":\"http:\/\/zvonimirjelinic.from.hr\/\"},{\"@type\":\"ListItem\",\"position\":2,\"name\":\"OSIJEK\"}]}]}<\/script>\n<!-- \/ Yoast SEO plugin. -->","yoast_head_json":{"title":"OSIJEK - Izv. prof. dr. Zvonimir Jelini\u0107 - Home Page","robots":{"index":"index","follow":"follow","max-snippet":"max-snippet:-1","max-image-preview":"max-image-preview:large","max-video-preview":"max-video-preview:-1"},"canonical":"http:\/\/zvonimirjelinic.from.hr\/?page_id=195","og_locale":"hr_HR","og_type":"article","og_title":"OSIJEK - Izv. prof. dr. Zvonimir Jelini\u0107 - Home Page","og_description":"Grad Osijek je u europskim razmjerima mali grad, ali za hrvatske prilike zna\u010dajno urbano naselje. Rije\u010d je o najve\u0107em gradu Slavonije i Baranje, sjedi\u0161tu srednje velikog sveu\u010dili\u0161ta, Klini\u010dkog bolni\u010dkog centra i ve\u0107eg broja javnih ustanova i institucija. Rije\u010d je o...","og_url":"http:\/\/zvonimirjelinic.from.hr\/?page_id=195","og_site_name":"Izv. prof. dr. Zvonimir Jelini\u0107 - Home Page","article_modified_time":"2021-02-10T21:20:13+00:00","twitter_card":"summary","twitter_misc":{"Procijenjeno vrijeme \u010ditanja":"4 minute"},"schema":{"@context":"https:\/\/schema.org","@graph":[{"@type":["Person","Organization"],"@id":"http:\/\/zvonimirjelinic.from.hr\/#\/schema\/person\/902802c132d5af8d138cf9882ffcea52","name":"zvonimirjelinic","image":{"@type":"ImageObject","@id":"http:\/\/zvonimirjelinic.from.hr\/#personlogo","inLanguage":"hr","url":"http:\/\/1.gravatar.com\/avatar\/75deb054044120dc99dc4bb5ddfca5f7?s=96&d=blank&r=g","contentUrl":"http:\/\/1.gravatar.com\/avatar\/75deb054044120dc99dc4bb5ddfca5f7?s=96&d=blank&r=g","caption":"zvonimirjelinic"},"logo":{"@id":"http:\/\/zvonimirjelinic.from.hr\/#personlogo"}},{"@type":"WebSite","@id":"http:\/\/zvonimirjelinic.from.hr\/#website","url":"http:\/\/zvonimirjelinic.from.hr\/","name":"Izv. prof. dr. Zvonimir Jelini\u0107 - Home Page","description":"","publisher":{"@id":"http:\/\/zvonimirjelinic.from.hr\/#\/schema\/person\/902802c132d5af8d138cf9882ffcea52"},"potentialAction":[{"@type":"SearchAction","target":{"@type":"EntryPoint","urlTemplate":"http:\/\/zvonimirjelinic.from.hr\/?s={search_term_string}"},"query-input":"required name=search_term_string"}],"inLanguage":"hr"},{"@type":"WebPage","@id":"http:\/\/zvonimirjelinic.from.hr\/?page_id=195#webpage","url":"http:\/\/zvonimirjelinic.from.hr\/?page_id=195","name":"OSIJEK - Izv. prof. dr. Zvonimir Jelini\u0107 - Home Page","isPartOf":{"@id":"http:\/\/zvonimirjelinic.from.hr\/#website"},"datePublished":"2021-01-29T11:16:57+00:00","dateModified":"2021-02-10T21:20:13+00:00","breadcrumb":{"@id":"http:\/\/zvonimirjelinic.from.hr\/?page_id=195#breadcrumb"},"inLanguage":"hr","potentialAction":[{"@type":"ReadAction","target":["http:\/\/zvonimirjelinic.from.hr\/?page_id=195"]}]},{"@type":"BreadcrumbList","@id":"http:\/\/zvonimirjelinic.from.hr\/?page_id=195#breadcrumb","itemListElement":[{"@type":"ListItem","position":1,"name":"Home","item":"http:\/\/zvonimirjelinic.from.hr\/"},{"@type":"ListItem","position":2,"name":"OSIJEK"}]}]}},"_links":{"self":[{"href":"http:\/\/zvonimirjelinic.from.hr\/index.php?rest_route=\/wp\/v2\/pages\/195"}],"collection":[{"href":"http:\/\/zvonimirjelinic.from.hr\/index.php?rest_route=\/wp\/v2\/pages"}],"about":[{"href":"http:\/\/zvonimirjelinic.from.hr\/index.php?rest_route=\/wp\/v2\/types\/page"}],"author":[{"embeddable":true,"href":"http:\/\/zvonimirjelinic.from.hr\/index.php?rest_route=\/wp\/v2\/users\/1044"}],"replies":[{"embeddable":true,"href":"http:\/\/zvonimirjelinic.from.hr\/index.php?rest_route=%2Fwp%2Fv2%2Fcomments&post=195"}],"version-history":[{"count":9,"href":"http:\/\/zvonimirjelinic.from.hr\/index.php?rest_route=\/wp\/v2\/pages\/195\/revisions"}],"predecessor-version":[{"id":349,"href":"http:\/\/zvonimirjelinic.from.hr\/index.php?rest_route=\/wp\/v2\/pages\/195\/revisions\/349"}],"wp:attachment":[{"href":"http:\/\/zvonimirjelinic.from.hr\/index.php?rest_route=%2Fwp%2Fv2%2Fmedia&parent=195"}],"curies":[{"name":"wp","href":"https:\/\/api.w.org\/{rel}","templated":true}]}}